{"id":87,"date":"2015-10-22T03:17:26","date_gmt":"2015-10-22T03:17:26","guid":{"rendered":"http:\/\/demo.thimpress.com\/eduma\/?page_id=87"},"modified":"2026-03-05T14:45:23","modified_gmt":"2026-03-05T14:45:23","slug":"contact","status":"publish","type":"page","link":"https:\/\/transpira.it\/en\/contact\/","title":{"rendered":"Contacts"},"content":{"rendered":"<div data-elementor-type=\"wp-post\" data-elementor-id=\"87\" class=\"elementor elementor-87\">\n\t\t\t\t<div class=\"elementor-element elementor-element-3f0bdef e-con-full e-flex e-con e-parent\" data-id=\"3f0bdef\" data-element_type=\"container\" data-e-type=\"container\">\n\t\t<div class=\"elementor-element elementor-element-5b1e5eb e-con-full animated-slow e-flex elementor-invisible e-con e-child\" data-id=\"5b1e5eb\" data-element_type=\"container\" data-e-type=\"container\" data-settings=\"{&quot;animation&quot;:&quot;ekit--slide-right&quot;,&quot;background_background&quot;:&quot;classic&quot;}\">\n\t\t\t\t<div class=\"elementor-element elementor-element-80fff91 elementor-widget elementor-widget-image\" data-id=\"80fff91\" data-element_type=\"widget\" data-e-type=\"widget\" data-widget_type=\"image.default\">\n\t\t\t\t\t\t\t\t\t\t\t\t\t\t\t<img fetchpriority=\"high\" decoding=\"async\" width=\"640\" height=\"454\" src=\"https:\/\/transpira.it\/wp-content\/uploads\/2026\/02\/IMG_6206-e1770824134970-1024x726.jpeg\" class=\"attachment-large size-large wp-image-21064\" alt=\"\" srcset=\"https:\/\/transpira.it\/wp-content\/uploads\/2026\/02\/IMG_6206-e1770824134970-1024x726.jpeg 1024w, https:\/\/transpira.it\/wp-content\/uploads\/2026\/02\/IMG_6206-e1770824134970-300x213.jpeg 300w, https:\/\/transpira.it\/wp-content\/uploads\/2026\/02\/IMG_6206-e1770824134970-768x545.jpeg 768w, https:\/\/transpira.it\/wp-content\/uploads\/2026\/02\/IMG_6206-e1770824134970-600x426.jpeg 600w, https:\/\/transpira.it\/wp-content\/uploads\/2026\/02\/IMG_6206-e1770824134970.jpeg 1170w\" sizes=\"(max-width: 640px) 100vw, 640px\" \/>\t\t\t\t\t\t\t\t\t\t\t\t\t\t\t<\/div>\n\t\t\t\t<\/div>\n\t\t<div class=\"elementor-element elementor-element-3e49095 e-con-full animated-slow e-flex elementor-invisible e-con e-child\" data-id=\"3e49095\" data-element_type=\"container\" data-e-type=\"container\" data-settings=\"{&quot;animation&quot;:&quot;ekit--slide-left&quot;,&quot;background_background&quot;:&quot;classic&quot;}\">\n\t\t\t\t<div class=\"elementor-element elementor-element-8d725af elementor-widget__width-initial elementor-widget elementor-widget-thim-ekits-heading\" data-id=\"8d725af\" data-element_type=\"widget\" data-e-type=\"widget\" data-widget_type=\"thim-ekits-heading.default\">\n\t\t\t\t<div class=\"elementor-widget-container\">\n\t\t\t\t\t<div class=\"thim-ekits-heading thim-ekit__heading\">\t\t\t<div class='desc'>\n\t\t\t\t<p data-start=\"381\" data-end=\"596\">This first conversation is designed to determine whether \u2014 and how \u2014 Transpira can be relevant within your organizational context.<br data-start=\"482\" data-end=\"485\" \/>It is not a sales call.\nIt is an initial evaluation grounded in the operational reality of your company.<\/p><p data-start=\"598\" data-end=\"772\">Briefly outline your current situation:\npressure levels, teams involved, and the challenges you are observing.<br data-start=\"696\" data-end=\"699\" \/>If the conditions are aligned, I will define the most appropriate way to proceed.<\/p><p data-start=\"598\" data-end=\"772\">\u00a0<\/p>\t\t\t<\/div>\n\t\t<\/div>\t\t\t\t<\/div>\n\t\t\t\t<\/div>\n\t\t\t\t<div class=\"elementor-element elementor-element-db30cd2 elementor-widget-mobile__width-initial elementor-widget elementor-widget-thim-ekits-contact-form-7\" data-id=\"db30cd2\" data-element_type=\"widget\" data-e-type=\"widget\" data-widget_type=\"thim-ekits-contact-form-7.default\">\n\t\t\t\t<div class=\"elementor-widget-container\">\n\t\t\t\t\t\t\t\t<div class=\"thim-ekit-wpcf7\">\n\t\t\t\t\n<div class=\"wpcf7 no-js\" id=\"wpcf7-f20907-o1\" lang=\"it-IT\" dir=\"ltr\" data-wpcf7-id=\"20907\">\n<div class=\"screen-reader-response\"><p role=\"status\" aria-live=\"polite\" aria-atomic=\"true\"><\/p> <ul><\/ul><\/div>\n<form action=\"\/en\/wp-json\/wp\/v2\/pages\/87#wpcf7-f20907-o1\" method=\"post\" class=\"wpcf7-form init\" aria-label=\"Modulo di contatto\" novalidate=\"novalidate\" data-status=\"init\" data-trp-original-action=\"\/en\/wp-json\/wp\/v2\/pages\/87#wpcf7-f20907-o1\">\n<fieldset class=\"hidden-fields-container\"><input type=\"hidden\" name=\"_wpcf7\" value=\"20907\" \/><input type=\"hidden\" name=\"_wpcf7_version\" value=\"6.1.5\" \/><input type=\"hidden\" name=\"_wpcf7_locale\" value=\"it_IT\" \/><input type=\"hidden\" name=\"_wpcf7_unit_tag\" value=\"wpcf7-f20907-o1\" \/><input type=\"hidden\" name=\"_wpcf7_container_post\" value=\"0\" \/><input type=\"hidden\" name=\"_wpcf7_posted_data_hash\" value=\"\" \/>\n<\/fieldset>\n<p><label> Your Name<br \/>\n<span class=\"wpcf7-form-control-wrap\" data-name=\"your-name\"><input size=\"40\" maxlength=\"400\" class=\"wpcf7-form-control wpcf7-text wpcf7-validates-as-required\" autocomplete=\"name\" aria-required=\"true\" aria-invalid=\"false\" value=\"\" type=\"text\" name=\"your-name\" \/><\/span> <\/label>\n<\/p>\n<p><label> Your Email<br \/>\n<span class=\"wpcf7-form-control-wrap\" data-name=\"your-email\"><input size=\"40\" maxlength=\"400\" class=\"wpcf7-form-control wpcf7-email wpcf7-validates-as-required wpcf7-text wpcf7-validates-as-email\" autocomplete=\"email\" aria-required=\"true\" aria-invalid=\"false\" value=\"\" type=\"email\" name=\"your-email\" \/><\/span> <\/label>\n<\/p>\n<p><label> Phone Number<br \/>\n<span class=\"wpcf7-form-control-wrap\" data-name=\"number-167\"><input class=\"wpcf7-form-control wpcf7-number wpcf7-validates-as-required wpcf7-validates-as-number\" aria-required=\"true\" aria-invalid=\"false\" value=\"\" type=\"number\" name=\"number-167\" \/><\/span> <\/label>\n<\/p>\n<p><label> Company Name<br \/>\n<span class=\"wpcf7-form-control-wrap\" data-name=\"your-subject\"><input size=\"40\" maxlength=\"400\" class=\"wpcf7-form-control wpcf7-text wpcf7-validates-as-required\" aria-required=\"true\" aria-invalid=\"false\" value=\"\" type=\"text\" name=\"your-subject\" \/><\/span> <\/label>\n<\/p>\n<p><label> Brief Description of Your Situation<br \/>\n<span class=\"wpcf7-form-control-wrap\" data-name=\"your-message\"><textarea cols=\"40\" rows=\"10\" maxlength=\"2000\" class=\"wpcf7-form-control wpcf7-textarea\" aria-invalid=\"false\" name=\"your-message\"><\/textarea><\/span> <\/label>\n<\/p>\n<p><input class=\"wpcf7-form-control wpcf7-submit has-spinner\" type=\"submit\" value=\"Schedule an Evaluation\" \/>\n<\/p><div class=\"wpcf7-response-output\" aria-hidden=\"true\"><\/div>\n<input type=\"hidden\" name=\"trp-form-language\" value=\"en\"\/><\/form>\n<\/div>\n\t\t\t<\/div>\n\t\t\t\t\t\t<\/div>\n\t\t\t\t<\/div>\n\t\t\t\t<\/div>\n\t\t\t\t<\/div>\n\t\t<div class=\"elementor-element elementor-element-db26894 e-flex e-con-boxed e-con e-parent\" data-id=\"db26894\" data-element_type=\"container\" data-e-type=\"container\">\n\t\t\t\t\t<div class=\"e-con-inner\">\n\t\t<div class=\"elementor-element elementor-element-3dcaf0f e-con-full e-flex e-con e-child\" data-id=\"3dcaf0f\" data-element_type=\"container\" data-e-type=\"container\">\n\t\t\t\t<div class=\"elementor-element elementor-element-54da87e elementor-widget__width-initial elementor-widget-mobile__width-inherit elementor-widget elementor-widget-thim-ekits-icon-box\" data-id=\"54da87e\" data-element_type=\"widget\" data-e-type=\"widget\" data-widget_type=\"thim-ekits-icon-box.default\">\n\t\t\t\t<div class=\"elementor-widget-container\">\n\t\t\t\t\t<div class=\"ekits-iconbox iconbox-left\"><div class=\"boxes-icon\"><i aria-hidden=\"true\" class=\"tk tk-phone\"><\/i><\/div><div class=\"content-inner thim-ekits-heading\"><h6 class=\"title\">Call me<\/h6><p class=\"sub-heading\">+356 99105166<\/p><\/div><\/div>\t\t\t\t<\/div>\n\t\t\t\t<\/div>\n\t\t\t\t<div class=\"elementor-element elementor-element-76f58e3 elementor-widget__width-initial elementor-widget-mobile__width-inherit elementor-widget elementor-widget-thim-ekits-icon-box\" data-id=\"76f58e3\" data-element_type=\"widget\" data-e-type=\"widget\" data-widget_type=\"thim-ekits-icon-box.default\">\n\t\t\t\t<div class=\"elementor-widget-container\">\n\t\t\t\t\t<div class=\"ekits-iconbox iconbox-left\"><div class=\"boxes-icon\"><i aria-hidden=\"true\" class=\"tk tk-envelope2\"><\/i><\/div><div class=\"content-inner thim-ekits-heading\"><h6 class=\"title\">Email<\/h6><p class=\"sub-heading\">info@transpira.com<\/p><\/div><\/div>\t\t\t\t<\/div>\n\t\t\t\t<\/div>\n\t\t\t\t<\/div>\n\t\t\t\t\t<\/div>\n\t\t\t\t<\/div>\n\t\t\t\t<\/div>","protected":false},"excerpt":{"rendered":"<p>Questo primo contatto serve a capire se e come Transpira pu\u00f2 essere utile nel tuo contesto aziendale.Non \u00e8 una call commerciale, ma una valutazione iniziale basata sulla realt\u00e0 operativa della tua organizzazione. Raccontami brevemente la tua situazione: pressione, team coinvolti, [&hellip;]<\/p>\n","protected":false},"author":1,"featured_media":0,"parent":0,"menu_order":0,"comment_status":"closed","ping_status":"closed","template":"elementor_header_footer","meta":{"footnotes":""},"class_list":["post-87","page","type-page","status-publish","hentry"],"_hostinger_reach_plugin_has_subscription_block":false,"_hostinger_reach_plugin_is_elementor":false,"_links":{"self":[{"href":"https:\/\/transpira.it\/en\/wp-json\/wp\/v2\/pages\/87","targetHints":{"allow":["GET"]}}],"collection":[{"href":"https:\/\/transpira.it\/en\/wp-json\/wp\/v2\/pages"}],"about":[{"href":"https:\/\/transpira.it\/en\/wp-json\/wp\/v2\/types\/page"}],"author":[{"embeddable":true,"href":"https:\/\/transpira.it\/en\/wp-json\/wp\/v2\/users\/1"}],"replies":[{"embeddable":true,"href":"https:\/\/transpira.it\/en\/wp-json\/wp\/v2\/comments?post=87"}],"version-history":[{"count":18,"href":"https:\/\/transpira.it\/en\/wp-json\/wp\/v2\/pages\/87\/revisions"}],"predecessor-version":[{"id":21159,"href":"https:\/\/transpira.it\/en\/wp-json\/wp\/v2\/pages\/87\/revisions\/21159"}],"wp:attachment":[{"href":"https:\/\/transpira.it\/en\/wp-json\/wp\/v2\/media?parent=87"}],"curies":[{"name":"wp","href":"https:\/\/api.w.org\/{rel}","templated":true}]}}